{"id":4978,"date":"2026-04-14T12:40:07","date_gmt":"2026-04-14T11:40:07","guid":{"rendered":"https:\/\/www.mondowholesale.com\/?page_id=4978"},"modified":"2026-04-14T14:01:12","modified_gmt":"2026-04-14T13:01:12","slug":"mikrodosierung-von-truffeln","status":"publish","type":"page","link":"https:\/\/www.mondowholesale.com\/de\/microdosing-truffles\/","title":{"rendered":"Microdosing Tr\u00fcffel"},"content":{"rendered":"<section class=\"section\" id=\"section_1192101790\">\n\t\t<div class=\"section-bg fill\" >\n\t\t\t\t\t\t\t\t\t<div class=\"section-bg-overlay absolute fill\"><\/div>\n\t\t\t\n\n\t\t<\/div>\n\n\t\t\n\n\t\t<div class=\"section-content relative\">\n\t\t\t\n\n<div class=\"row row-large align-middle\"  id=\"row-1514424130\">\n\n\n\t<div id=\"col-134157128\" class=\"col medium-7 small-12 large-7\"  >\n\t\t\t\t<div class=\"col-inner text-left\"  >\n\t\t\t\n\t\t\t\n\n\t<div id=\"text-3898911184\" class=\"text\">\n\t\t\n\n<h1>Microdosing Tr\u00fcffel Gro\u00dfhandel<\/h1>\n\n\t\t\n<style>\n#text-3898911184 {\n  font-size: 1.35rem;\n}\n<\/style>\n\t<\/div>\n\t\n\t<div id=\"text-805881719\" class=\"text\">\n\t\t\n\n<h4>Pr\u00e4zise Mikrodosierungsl\u00f6sungen f\u00fcr moderne Verbraucher<\/h4>\n\n\t\t\n<style>\n#text-805881719 {\n  font-size: 1.3rem;\n  color: #009162;\n}\n#text-805881719 > * {\n  color: #009162;\n}\n<\/style>\n\t<\/div>\n\t\n<p data-start=\"208\" data-end=\"510\">Mondo Mycologicals bietet ein erstklassiges Sortiment an Microdosing Truffles an, die f\u00fcr Nutzer entwickelt wurden, die eine kontrollierte und konsistente Microdosing-Erfahrung suchen. Unsere Produkte sind f\u00fcr den t\u00e4glichen Gebrauch konzipiert, mit pr\u00e4ziser Dosierung und zuverl\u00e4ssiger Wirkung, was sie sowohl f\u00fcr neue als auch f\u00fcr erfahrene Kunden sehr attraktiv macht.<\/p>\n<p data-start=\"512\" data-end=\"778\">Das Sortiment umfasst sorgf\u00e4ltig formulierte Varianten wie Balance, Focus und Advanced, die jeweils auf die unterschiedlichen Bed\u00fcrfnisse und Vorlieben der Verbraucher zugeschnitten sind. Dieser strukturierte Ansatz erm\u00f6glicht es Einzelh\u00e4ndlern, gezielte L\u00f6sungen anzubieten und ein starkes, differenziertes Produktsortiment aufzubauen.<\/p>\n<a href=\"https:\/\/mondoeurope.brincr.com\/portal\/mondoeurope\/\" target=\"_blank\" class=\"button secondary\" rel=\"noopener\" style=\"border-radius:99px;\">\n\t\t<span>Partner werden<\/span>\n\t<\/a>\n\n\n\n\t\t<\/div>\n\t\t\t\t\t<\/div>\n\n\t\n\n\t<div id=\"col-651693689\" class=\"col medium-5 small-12 large-5\"  >\n\t\t\t\t<div class=\"col-inner\"  >\n\t\t\t\n\t\t\t\n\n\t<div class=\"img has-hover x md-x lg-x y md-y lg-y\" id=\"image_1603837415\">\n\t\t\t\t\t\t\t\t<div class=\"img-inner dark\" >\n\t\t\t<img loading=\"lazy\" decoding=\"async\" width=\"612\" height=\"612\" src=\"https:\/\/www.mondowholesale.com\/wp-content\/uploads\/2026\/03\/31608e98-9d0f-40b5-9206-c1857dd1d2f5-removebg-preview.png\" class=\"attachment-large size-large\" alt=\"\" srcset=\"https:\/\/www.mondowholesale.com\/wp-content\/uploads\/2026\/03\/31608e98-9d0f-40b5-9206-c1857dd1d2f5-removebg-preview.png 612w, https:\/\/www.mondowholesale.com\/wp-content\/uploads\/2026\/03\/31608e98-9d0f-40b5-9206-c1857dd1d2f5-removebg-preview-400x400.png 400w, https:\/\/www.mondowholesale.com\/wp-content\/uploads\/2026\/03\/31608e98-9d0f-40b5-9206-c1857dd1d2f5-removebg-preview-280x280.png 280w, https:\/\/www.mondowholesale.com\/wp-content\/uploads\/2026\/03\/31608e98-9d0f-40b5-9206-c1857dd1d2f5-removebg-preview-12x12.png 12w\" sizes=\"auto, (max-width: 612px) 100vw, 612px\" title=\"\">\t\t\t\t\t\t\n\t\t\t\t\t<\/div>\n\t\t\t\t\t\t\t\t\n<style>\n#image_1603837415 {\n  width: 100%;\n}\n<\/style>\n\t<\/div>\n\t\n\n\n\t\t<\/div>\n\t\t\t\t\t<\/div>\n\n\t\n\n<\/div>\n\n\t\t<\/div>\n\n\t\t\n<style>\n#section_1192101790 {\n  padding-top: 60px;\n  padding-bottom: 60px;\n}\n#section_1192101790 .section-bg-overlay {\n  background-color: rgba(255, 255, 255, 0.85);\n}\n<\/style>\n\t<\/section>","protected":false},"excerpt":{"rendered":"","protected":false},"author":1,"featured_media":4979,"parent":0,"menu_order":0,"comment_status":"closed","ping_status":"closed","template":"page-blank.php","meta":{"footnotes":""},"class_list":["post-4978","page","type-page","status-publish","has-post-thumbnail","hentry"],"_links":{"self":[{"href":"https:\/\/www.mondowholesale.com\/de\/wp-json\/wp\/v2\/pages\/4978","targetHints":{"allow":["GET"]}}],"collection":[{"href":"https:\/\/www.mondowholesale.com\/de\/wp-json\/wp\/v2\/pages"}],"about":[{"href":"https:\/\/www.mondowholesale.com\/de\/wp-json\/wp\/v2\/types\/page"}],"author":[{"embeddable":true,"href":"https:\/\/www.mondowholesale.com\/de\/wp-json\/wp\/v2\/users\/1"}],"replies":[{"embeddable":true,"href":"https:\/\/www.mondowholesale.com\/de\/wp-json\/wp\/v2\/comments?post=4978"}],"version-history":[{"count":2,"href":"https:\/\/www.mondowholesale.com\/de\/wp-json\/wp\/v2\/pages\/4978\/revisions"}],"predecessor-version":[{"id":5004,"href":"https:\/\/www.mondowholesale.com\/de\/wp-json\/wp\/v2\/pages\/4978\/revisions\/5004"}],"wp:featuredmedia":[{"embeddable":true,"href":"https:\/\/www.mondowholesale.com\/de\/wp-json\/wp\/v2\/media\/4979"}],"wp:attachment":[{"href":"https:\/\/www.mondowholesale.com\/de\/wp-json\/wp\/v2\/media?parent=4978"}],"curies":[{"name":"wp","href":"https:\/\/api.w.org\/{rel}","templated":true}]}}