{"id":4978,"date":"2026-04-14T12:40:07","date_gmt":"2026-04-14T11:40:07","guid":{"rendered":"https:\/\/www.mondowholesale.com\/?page_id=4978"},"modified":"2026-04-14T14:01:12","modified_gmt":"2026-04-14T13:01:12","slug":"trufas-microdosificadas","status":"publish","type":"page","link":"https:\/\/www.mondowholesale.com\/es\/microdosing-truffles\/","title":{"rendered":"Trufas microdosificadas"},"content":{"rendered":"<section class=\"section\" id=\"section_412285699\">\n\t\t<div class=\"section-bg fill\" >\n\t\t\t\t\t\t\t\t\t<div class=\"section-bg-overlay absolute fill\"><\/div>\n\t\t\t\n\n\t\t<\/div>\n\n\t\t\n\n\t\t<div class=\"section-content relative\">\n\t\t\t\n\n<div class=\"row row-large align-middle\"  id=\"row-1259079489\">\n\n\n\t<div id=\"col-330385699\" class=\"col medium-7 small-12 large-7\"  >\n\t\t\t\t<div class=\"col-inner text-left\"  >\n\t\t\t\n\t\t\t\n\n\t<div id=\"text-3052222593\" class=\"text\">\n\t\t\n\n<h1>Trufas microdosificadas al por mayor<\/h1>\n\n\t\t\n<style>\n#text-3052222593 {\n  font-size: 1.35rem;\n}\n<\/style>\n\t<\/div>\n\t\n\t<div id=\"text-251950659\" class=\"text\">\n\t\t\n\n<h4>Soluciones de microdosificaci\u00f3n de precisi\u00f3n para consumidores modernos<\/h4>\n\n\t\t\n<style>\n#text-251950659 {\n  font-size: 1.3rem;\n  color: #009162;\n}\n#text-251950659 > * {\n  color: #009162;\n}\n<\/style>\n\t<\/div>\n\t\n<p data-start=\"208\" data-end=\"510\">Mondo Mycologicals ofrece una gama premium de Trufas para Microdosificaci\u00f3n, desarrolladas para usuarios que buscan una experiencia de microdosificaci\u00f3n controlada y consistente. Nuestros productos est\u00e1n dise\u00f1ados para el uso diario, con una dosificaci\u00f3n precisa y efectos fiables, lo que los hace muy atractivos tanto para clientes nuevos como experimentados.<\/p>\n<p data-start=\"512\" data-end=\"778\">La gama incluye variantes cuidadosamente formuladas como Balance, Focus y Advanced, cada una de ellas adaptada a las diferentes necesidades y preferencias de los usuarios. Este enfoque estructurado permite a los minoristas ofrecer soluciones espec\u00edficas y crear una gama de productos s\u00f3lida y diferenciada.<\/p>\n<a href=\"https:\/\/mondoeurope.brincr.com\/portal\/mondoeurope\/\" target=\"_blank\" class=\"button secondary\" rel=\"noopener\" style=\"border-radius:99px;\">\n\t\t<span>H\u00e1gase socio<\/span>\n\t<\/a>\n\n\n\n\t\t<\/div>\n\t\t\t\t\t<\/div>\n\n\t\n\n\t<div id=\"col-285265609\" class=\"col medium-5 small-12 large-5\"  >\n\t\t\t\t<div class=\"col-inner\"  >\n\t\t\t\n\t\t\t\n\n\t<div class=\"img has-hover x md-x lg-x y md-y lg-y\" id=\"image_1434604100\">\n\t\t\t\t\t\t\t\t<div class=\"img-inner dark\" >\n\t\t\t<img loading=\"lazy\" decoding=\"async\" width=\"612\" height=\"612\" src=\"https:\/\/www.mondowholesale.com\/wp-content\/uploads\/2026\/03\/31608e98-9d0f-40b5-9206-c1857dd1d2f5-removebg-preview.png\" class=\"attachment-large size-large\" alt=\"\" srcset=\"https:\/\/www.mondowholesale.com\/wp-content\/uploads\/2026\/03\/31608e98-9d0f-40b5-9206-c1857dd1d2f5-removebg-preview.png 612w, https:\/\/www.mondowholesale.com\/wp-content\/uploads\/2026\/03\/31608e98-9d0f-40b5-9206-c1857dd1d2f5-removebg-preview-400x400.png 400w, https:\/\/www.mondowholesale.com\/wp-content\/uploads\/2026\/03\/31608e98-9d0f-40b5-9206-c1857dd1d2f5-removebg-preview-280x280.png 280w, https:\/\/www.mondowholesale.com\/wp-content\/uploads\/2026\/03\/31608e98-9d0f-40b5-9206-c1857dd1d2f5-removebg-preview-12x12.png 12w\" sizes=\"auto, (max-width: 612px) 100vw, 612px\" title=\"\">\t\t\t\t\t\t\n\t\t\t\t\t<\/div>\n\t\t\t\t\t\t\t\t\n<style>\n#image_1434604100 {\n  width: 100%;\n}\n<\/style>\n\t<\/div>\n\t\n\n\n\t\t<\/div>\n\t\t\t\t\t<\/div>\n\n\t\n\n<\/div>\n\n\t\t<\/div>\n\n\t\t\n<style>\n#section_412285699 {\n  padding-top: 60px;\n  padding-bottom: 60px;\n}\n#section_412285699 .section-bg-overlay {\n  background-color: rgba(255, 255, 255, 0.85);\n}\n<\/style>\n\t<\/section>","protected":false},"excerpt":{"rendered":"","protected":false},"author":1,"featured_media":4979,"parent":0,"menu_order":0,"comment_status":"closed","ping_status":"closed","template":"page-blank.php","meta":{"footnotes":""},"class_list":["post-4978","page","type-page","status-publish","has-post-thumbnail","hentry"],"_links":{"self":[{"href":"https:\/\/www.mondowholesale.com\/es\/wp-json\/wp\/v2\/pages\/4978","targetHints":{"allow":["GET"]}}],"collection":[{"href":"https:\/\/www.mondowholesale.com\/es\/wp-json\/wp\/v2\/pages"}],"about":[{"href":"https:\/\/www.mondowholesale.com\/es\/wp-json\/wp\/v2\/types\/page"}],"author":[{"embeddable":true,"href":"https:\/\/www.mondowholesale.com\/es\/wp-json\/wp\/v2\/users\/1"}],"replies":[{"embeddable":true,"href":"https:\/\/www.mondowholesale.com\/es\/wp-json\/wp\/v2\/comments?post=4978"}],"version-history":[{"count":2,"href":"https:\/\/www.mondowholesale.com\/es\/wp-json\/wp\/v2\/pages\/4978\/revisions"}],"predecessor-version":[{"id":5004,"href":"https:\/\/www.mondowholesale.com\/es\/wp-json\/wp\/v2\/pages\/4978\/revisions\/5004"}],"wp:featuredmedia":[{"embeddable":true,"href":"https:\/\/www.mondowholesale.com\/es\/wp-json\/wp\/v2\/media\/4979"}],"wp:attachment":[{"href":"https:\/\/www.mondowholesale.com\/es\/wp-json\/wp\/v2\/media?parent=4978"}],"curies":[{"name":"wp","href":"https:\/\/api.w.org\/{rel}","templated":true}]}}