{"id":4981,"date":"2026-04-14T12:41:22","date_gmt":"2026-04-14T11:41:22","guid":{"rendered":"https:\/\/www.mondowholesale.com\/?page_id=4981"},"modified":"2026-04-14T14:07:02","modified_gmt":"2026-04-14T13:07:02","slug":"esporas-de-psilocibina","status":"publish","type":"page","link":"https:\/\/www.mondowholesale.com\/es\/psilocybin-spores\/","title":{"rendered":"Esporas de psilocibina"},"content":{"rendered":"<section class=\"section\" id=\"section_559128961\">\n\t\t<div class=\"section-bg fill\" >\n\t\t\t\t\t\t\t\t\t<div class=\"section-bg-overlay absolute fill\"><\/div>\n\t\t\t\n\n\t\t<\/div>\n\n\t\t\n\n\t\t<div class=\"section-content relative\">\n\t\t\t\n\n<div class=\"row row-large align-middle\"  id=\"row-25828458\">\n\n\n\t<div id=\"col-834174400\" class=\"col medium-7 small-12 large-7\"  >\n\t\t\t\t<div class=\"col-inner text-left\"  >\n\t\t\t\n\t\t\t\n\n\t<div id=\"text-217264760\" class=\"text\">\n\t\t\n\n<h1>Esporas de psilocibina al por mayor<\/h1>\n\n\t\t\n<style>\n#text-217264760 {\n  font-size: 1.35rem;\n}\n<\/style>\n\t<\/div>\n\t\n\t<div id=\"text-4111928335\" class=\"text\">\n\t\t\n\n<h4>Gen\u00e9tica de primera calidad para investigaci\u00f3n y coleccionismo<\/h4>\n\n\t\t\n<style>\n#text-4111928335 {\n  font-size: 1.3rem;\n  color: #009162;\n}\n#text-4111928335 > * {\n  color: #009162;\n}\n<\/style>\n\t<\/div>\n\t\n<p data-start=\"206\" data-end=\"496\">Mondo Mycologicals suministra esporas de psilocibina de alta calidad, desarrolladas con fines de investigaci\u00f3n, microscop\u00eda y recolecci\u00f3n. Conocidas por su pureza, estabilidad gen\u00e9tica y consistencia, nuestras esporas son un valioso complemento para minoristas especializados y nichos de mercado dentro del \u00e1mbito de la micolog\u00eda.<\/p>\n<p data-start=\"498\" data-end=\"671\">Nuestra selecci\u00f3n incluye una amplia gama de gen\u00e9ticas populares y probadas, lo que le permite ofrecer variedad y fiabilidad al tiempo que mantiene una gama de productos profesional y de confianza.<\/p>\n<p data-start=\"678\" data-end=\"941\">Nuestras esporas de psilocibina est\u00e1n disponibles en m\u00faltiples formatos, incluyendo jeringas de esporas, jeringas de cultivo l\u00edquido, viales de esporas, hisopos de esporas y sustratos esterilizados, ofreciendo a los minoristas e investigadores opciones flexibles para diferentes aplicaciones y preferencias de usuario.<\/p>\n<p data-start=\"948\" data-end=\"1144\">Con una producci\u00f3n propia y un estricto control de calidad, garantizamos lotes homog\u00e9neos, una disponibilidad de existencias fiable y una entrega r\u00e1pida en toda Europa, lo que permite a nuestros socios escalar con confianza.<\/p>\n<a href=\"https:\/\/mondoeurope.brincr.com\/portal\/mondoeurope\/\" target=\"_blank\" class=\"button secondary\" rel=\"noopener\" style=\"border-radius:99px;\">\n\t\t<span>H\u00e1gase socio<\/span>\n\t<\/a>\n\n\n\n\t\t<\/div>\n\t\t\t\t\t<\/div>\n\n\t\n\n\t<div id=\"col-973268759\" class=\"col medium-5 small-12 large-5\"  >\n\t\t\t\t<div class=\"col-inner\"  >\n\t\t\t\n\t\t\t\n\n\t<div class=\"img has-hover x md-x lg-x y md-y lg-y\" id=\"image_1186849737\">\n\t\t\t\t\t\t\t\t<div class=\"img-inner dark\" >\n\t\t\t<img loading=\"lazy\" decoding=\"async\" width=\"800\" height=\"800\" src=\"https:\/\/www.mondowholesale.com\/wp-content\/uploads\/2026\/03\/mondo-spore-vial-800x800.png\" class=\"attachment-large size-large\" alt=\"vial mondo spore\" srcset=\"https:\/\/www.mondowholesale.com\/wp-content\/uploads\/2026\/03\/mondo-spore-vial-800x800.png 800w, https:\/\/www.mondowholesale.com\/wp-content\/uploads\/2026\/03\/mondo-spore-vial-400x400.png 400w, https:\/\/www.mondowholesale.com\/wp-content\/uploads\/2026\/03\/mondo-spore-vial-100x100.png 100w, https:\/\/www.mondowholesale.com\/wp-content\/uploads\/2026\/03\/mondo-spore-vial-1000x1000.png 1000w, https:\/\/www.mondowholesale.com\/wp-content\/uploads\/2026\/03\/mondo-spore-vial-280x280.png 280w, https:\/\/www.mondowholesale.com\/wp-content\/uploads\/2026\/03\/mondo-spore-vial-768x768.png 768w, https:\/\/www.mondowholesale.com\/wp-content\/uploads\/2026\/03\/mondo-spore-vial-12x12.png 12w, https:\/\/www.mondowholesale.com\/wp-content\/uploads\/2026\/03\/mondo-spore-vial.png 1062w\" sizes=\"auto, (max-width: 800px) 100vw, 800px\" title=\"\">\t\t\t\t\t\t\n\t\t\t\t\t<\/div>\n\t\t\t\t\t\t\t\t\n<style>\n#image_1186849737 {\n  width: 100%;\n}\n<\/style>\n\t<\/div>\n\t\n\n\n\t\t<\/div>\n\t\t\t\t\t<\/div>\n\n\t\n\n<\/div>\n\n\t\t<\/div>\n\n\t\t\n<style>\n#section_559128961 {\n  padding-top: 60px;\n  padding-bottom: 60px;\n}\n#section_559128961 .section-bg-overlay {\n  background-color: rgba(255, 255, 255, 0.85);\n}\n<\/style>\n\t<\/section>","protected":false},"excerpt":{"rendered":"","protected":false},"author":1,"featured_media":4643,"parent":0,"menu_order":0,"comment_status":"closed","ping_status":"closed","template":"page-blank.php","meta":{"footnotes":""},"class_list":["post-4981","page","type-page","status-publish","has-post-thumbnail","hentry"],"_links":{"self":[{"href":"https:\/\/www.mondowholesale.com\/es\/wp-json\/wp\/v2\/pages\/4981","targetHints":{"allow":["GET"]}}],"collection":[{"href":"https:\/\/www.mondowholesale.com\/es\/wp-json\/wp\/v2\/pages"}],"about":[{"href":"https:\/\/www.mondowholesale.com\/es\/wp-json\/wp\/v2\/types\/page"}],"author":[{"embeddable":true,"href":"https:\/\/www.mondowholesale.com\/es\/wp-json\/wp\/v2\/users\/1"}],"replies":[{"embeddable":true,"href":"https:\/\/www.mondowholesale.com\/es\/wp-json\/wp\/v2\/comments?post=4981"}],"version-history":[{"count":3,"href":"https:\/\/www.mondowholesale.com\/es\/wp-json\/wp\/v2\/pages\/4981\/revisions"}],"predecessor-version":[{"id":5011,"href":"https:\/\/www.mondowholesale.com\/es\/wp-json\/wp\/v2\/pages\/4981\/revisions\/5011"}],"wp:featuredmedia":[{"embeddable":true,"href":"https:\/\/www.mondowholesale.com\/es\/wp-json\/wp\/v2\/media\/4643"}],"wp:attachment":[{"href":"https:\/\/www.mondowholesale.com\/es\/wp-json\/wp\/v2\/media?parent=4981"}],"curies":[{"name":"wp","href":"https:\/\/api.w.org\/{rel}","templated":true}]}}